{"id":553,"date":"2024-04-08T14:44:24","date_gmt":"2024-04-08T14:44:24","guid":{"rendered":"https:\/\/ieem-witten.de\/?page_id=553"},"modified":"2024-05-02T08:50:51","modified_gmt":"2024-05-02T08:50:51","slug":"klipro","status":"publish","type":"page","link":"https:\/\/ieem-witten.de\/en\/klipro\/","title":{"rendered":"KliPro"},"content":{"rendered":"<div data-elementor-type=\"wp-page\" data-elementor-id=\"553\" class=\"elementor elementor-553\">\n\t\t\t\t\t\t<section class=\"elementor-section elementor-top-section elementor-element elementor-element-50d1681a elementor-section-boxed elementor-section-height-default elementor-section-height-default\" data-id=\"50d1681a\" data-element_type=\"section\">\n\t\t\t\t\t\t<div class=\"elementor-container elementor-column-gap-default\">\n\t\t\t\t\t<div class=\"elementor-column elementor-col-100 elementor-top-column elementor-element elementor-element-5feaef6d\" data-id=\"5feaef6d\" data-element_type=\"column\">\n\t\t\t<div class=\"elementor-widget-wrap elementor-element-populated\">\n\t\t\t\t\t\t<div class=\"elementor-element elementor-element-6a950e96 elementor-widget elementor-widget-image\" data-id=\"6a950e96\" data-element_type=\"widget\" data-widget_type=\"image.default\">\n\t\t\t\t<div class=\"elementor-widget-container\">\n\t\t\t<style>\/*! elementor - v3.21.0 - 08-05-2024 *\/\n.elementor-widget-image{text-align:center}.elementor-widget-image a{display:inline-block}.elementor-widget-image a img[src$=\".svg\"]{width:48px}.elementor-widget-image img{vertical-align:middle;display:inline-block}<\/style>\t\t\t\t\t\t\t\t\t\t<img fetchpriority=\"high\" decoding=\"async\" width=\"320\" height=\"240\" src=\"https:\/\/ieem-witten.de\/wp-content\/uploads\/2023\/12\/logo_klein.png\" class=\"attachment-large size-large wp-image-94\" alt=\"\" srcset=\"https:\/\/ieem-witten.de\/wp-content\/uploads\/2023\/12\/logo_klein.png 320w, https:\/\/ieem-witten.de\/wp-content\/uploads\/2023\/12\/logo_klein-300x225.png 300w\" sizes=\"(max-width: 320px) 100vw, 320px\" \/>\t\t\t\t\t\t\t\t\t\t\t\t\t<\/div>\n\t\t\t\t<\/div>\n\t\t\t\t\t<\/div>\n\t\t<\/div>\n\t\t\t\t\t<\/div>\n\t\t<\/section>\n\t\t\t\t<section class=\"elementor-section elementor-top-section elementor-element elementor-element-5561f5e7 elementor-section-boxed elementor-section-height-default elementor-section-height-default\" data-id=\"5561f5e7\" data-element_type=\"section\" data-settings=\"{&quot;background_background&quot;:&quot;classic&quot;}\">\n\t\t\t\t\t\t<div class=\"elementor-container elementor-column-gap-default\">\n\t\t\t\t\t<div class=\"elementor-column elementor-col-66 elementor-top-column elementor-element elementor-element-73b179b9\" data-id=\"73b179b9\" data-element_type=\"column\">\n\t\t\t<div class=\"elementor-widget-wrap elementor-element-populated\">\n\t\t\t\t\t\t<div class=\"elementor-element elementor-element-4a545c75 elementor-widget__width-initial elementor-widget elementor-widget-text-editor\" data-id=\"4a545c75\" data-element_type=\"widget\" data-widget_type=\"text-editor.default\">\n\t\t\t\t<div class=\"elementor-widget-container\">\n\t\t\t<style>\/*! elementor - v3.21.0 - 08-05-2024 *\/\n.elementor-widget-text-editor.elementor-drop-cap-view-stacked .elementor-drop-cap{background-color:#69727d;color:#fff}.elementor-widget-text-editor.elementor-drop-cap-view-framed .elementor-drop-cap{color:#69727d;border:3px solid;background-color:transparent}.elementor-widget-text-editor:not(.elementor-drop-cap-view-default) .elementor-drop-cap{margin-top:8px}.elementor-widget-text-editor:not(.elementor-drop-cap-view-default) .elementor-drop-cap-letter{width:1em;height:1em}.elementor-widget-text-editor .elementor-drop-cap{float:left;text-align:center;line-height:1;font-size:50px}.elementor-widget-text-editor .elementor-drop-cap-letter{display:inline-block}<\/style>\t\t\t\t<p><strong><u>Vorhabensbezeichnung:<\/u><\/strong> <br \/>ERWAS &#8211; Verbundprojekt KliPro Klimafreundliche Prozesswasserbehandlung<\/p><p>\u00a0 <br \/><strong><u>Laufzeit des Vorhabens:<\/u><\/strong> <br \/>01.04.2021 &#8211; 30.09.2022<\/p><p><strong><u>Zuwendungsgeber:<\/u><\/strong> <br \/>Bundeministerium f\u00fcr Bildung und Forschung <br \/><br \/>Projekttr\u00e4ger Karlsruhe Wassertechnologie und Entsorgung (PTKA-WTE) <br \/>Hermann-von-Helmholtz-Platz 1 <br \/>76344 Eggenstein-Leopoldshafen <br \/><strong><u><br \/>F\u00f6rderkennzeichen (Fkz.): <br \/><\/u><\/strong>02WER1614A<\/p>\t\t\t\t\t\t<\/div>\n\t\t\t\t<\/div>\n\t\t\t\t\t<\/div>\n\t\t<\/div>\n\t\t\t\t<div class=\"elementor-column elementor-col-33 elementor-top-column elementor-element elementor-element-17310f33\" data-id=\"17310f33\" data-element_type=\"column\">\n\t\t\t<div class=\"elementor-widget-wrap elementor-element-populated\">\n\t\t\t\t\t\t<div class=\"elementor-element elementor-element-198fead2 elementor-widget elementor-widget-spacer\" data-id=\"198fead2\" data-element_type=\"widget\" data-widget_type=\"spacer.default\">\n\t\t\t\t<div class=\"elementor-widget-container\">\n\t\t\t<style>\/*! elementor - v3.21.0 - 08-05-2024 *\/\n.elementor-column .elementor-spacer-inner{height:var(--spacer-size)}.e-con{--container-widget-width:100%}.e-con-inner>.elementor-widget-spacer,.e-con>.elementor-widget-spacer{width:var(--container-widget-width,var(--spacer-size));--align-self:var(--container-widget-align-self,initial);--flex-shrink:0}.e-con-inner>.elementor-widget-spacer>.elementor-widget-container,.e-con>.elementor-widget-spacer>.elementor-widget-container{height:100%;width:100%}.e-con-inner>.elementor-widget-spacer>.elementor-widget-container>.elementor-spacer,.e-con>.elementor-widget-spacer>.elementor-widget-container>.elementor-spacer{height:100%}.e-con-inner>.elementor-widget-spacer>.elementor-widget-container>.elementor-spacer>.elementor-spacer-inner,.e-con>.elementor-widget-spacer>.elementor-widget-container>.elementor-spacer>.elementor-spacer-inner{height:var(--container-widget-height,var(--spacer-size))}.e-con-inner>.elementor-widget-spacer.elementor-widget-empty,.e-con>.elementor-widget-spacer.elementor-widget-empty{position:relative;min-height:22px;min-width:22px}.e-con-inner>.elementor-widget-spacer.elementor-widget-empty .elementor-widget-empty-icon,.e-con>.elementor-widget-spacer.elementor-widget-empty .elementor-widget-empty-icon{position:absolute;top:0;bottom:0;left:0;right:0;margin:auto;padding:0;width:22px;height:22px}<\/style>\t\t<div class=\"elementor-spacer\">\n\t\t\t<div class=\"elementor-spacer-inner\"><\/div>\n\t\t<\/div>\n\t\t\t\t<\/div>\n\t\t\t\t<\/div>\n\t\t\t\t<div class=\"elementor-element elementor-element-4904e5d0 elementor-widget elementor-widget-image\" data-id=\"4904e5d0\" data-element_type=\"widget\" data-widget_type=\"image.default\">\n\t\t\t\t<div class=\"elementor-widget-container\">\n\t\t\t\t\t\t\t\t\t\t\t\t\t<img decoding=\"async\" width=\"881\" height=\"625\" src=\"https:\/\/ieem-witten.de\/wp-content\/uploads\/2024\/03\/BMBF_gefoerdert-vom_deutsch.jpg\" class=\"attachment-large size-large wp-image-512\" alt=\"\" srcset=\"https:\/\/ieem-witten.de\/wp-content\/uploads\/2024\/03\/BMBF_gefoerdert-vom_deutsch.jpg 881w, https:\/\/ieem-witten.de\/wp-content\/uploads\/2024\/03\/BMBF_gefoerdert-vom_deutsch-300x213.jpg 300w, https:\/\/ieem-witten.de\/wp-content\/uploads\/2024\/03\/BMBF_gefoerdert-vom_deutsch-768x545.jpg 768w, https:\/\/ieem-witten.de\/wp-content\/uploads\/2024\/03\/BMBF_gefoerdert-vom_deutsch-18x12.jpg 18w\" sizes=\"(max-width: 881px) 100vw, 881px\" \/>\t\t\t\t\t\t\t\t\t\t\t\t\t<\/div>\n\t\t\t\t<\/div>\n\t\t\t\t\t<\/div>\n\t\t<\/div>\n\t\t\t\t\t<\/div>\n\t\t<\/section>\n\t\t\t\t<section class=\"elementor-section elementor-top-section elementor-element elementor-element-1dd2b744 elementor-section-boxed elementor-section-height-default elementor-section-height-default\" data-id=\"1dd2b744\" data-element_type=\"section\">\n\t\t\t\t\t\t<div class=\"elementor-container elementor-column-gap-default\">\n\t\t\t\t\t<div class=\"elementor-column elementor-col-100 elementor-top-column elementor-element elementor-element-6144590d\" data-id=\"6144590d\" data-element_type=\"column\">\n\t\t\t<div class=\"elementor-widget-wrap elementor-element-populated\">\n\t\t\t\t\t\t<div class=\"elementor-element elementor-element-a8291b2 elementor-widget elementor-widget-spacer\" data-id=\"a8291b2\" data-element_type=\"widget\" data-widget_type=\"spacer.default\">\n\t\t\t\t<div class=\"elementor-widget-container\">\n\t\t\t\t\t<div class=\"elementor-spacer\">\n\t\t\t<div class=\"elementor-spacer-inner\"><\/div>\n\t\t<\/div>\n\t\t\t\t<\/div>\n\t\t\t\t<\/div>\n\t\t\t\t<div class=\"elementor-element elementor-element-e007224 elementor-widget elementor-widget-text-editor\" data-id=\"e007224\" data-element_type=\"widget\" data-widget_type=\"text-editor.default\">\n\t\t\t\t<div class=\"elementor-widget-container\">\n\t\t\t\t\t\t\t<p><strong>Im Projekt KliPro wurde eine kleintechnische Pilotanlage entwickelt, welche der Kl\u00e4rwerks-spezifischen Ermittlung von Parametern dient und die Optimierung der Technologie, der Auslegung und des Betriebes von Anlagen zur Stickstoffentfernung aus dem Filtrat der Kl\u00e4rschlammentw\u00e4sserung erm\u00f6glicht. Dadurch wird eine Stickstoff-Entlastung der Belebungsstufe erreicht mit einer entsprechenden Verringerung des Stromverbrauches sowie der Lachgas-Emissionen. Das Technologie-Konzept basiert auf Ammoniak-Stripung. Neu dabei war die gezielte Ausschleusung von Kalziumkarbonat-Ausf\u00e4llungen und die erh\u00f6hte Abw\u00e4rmenutzung. Die daf\u00fcr verbesserte Prozessf\u00fchrung mit granularer Sedimentation und tlw. interner Granulat-R\u00fcckf\u00fchrung bei der Schnellentkarbonisierung bringt l\u00e4ngere Standzeiten sowie einen reduzierten Betriebsaufwand mit verringerten Chemikalienkosten sowie vereinfachter Reinigung und Wartung. Zusammen mit der Kl\u00e4rwerksentlastung und reduzierten Stromverbrauch bringt das eine erhebliche Kostenentlastung.<\/strong><\/p>\t\t\t\t\t\t<\/div>\n\t\t\t\t<\/div>\n\t\t\t\t<div class=\"elementor-element elementor-element-79679ed2 elementor-widget elementor-widget-text-editor\" data-id=\"79679ed2\" data-element_type=\"widget\" data-widget_type=\"text-editor.default\">\n\t\t\t\t<div class=\"elementor-widget-container\">\n\t\t\t\t\t\t\t<p style=\"background: white; vertical-align: baseline; margin: 0cm 0cm 15.0pt 0cm;\"><span style=\"font-size: 10.5pt; font-family: Roboto; color: #7a7a7a;\">Durch die Behandlung von Prozessw\u00e4ssern (bei Kl\u00e4rwerken ist das i. W. das Filtrat aus der Kl\u00e4rschlammentw\u00e4sserung) kann die Stickstofffracht in der biologischen Stufe signifikant verringert werden. Dadurch reduzieren sich die Stickstoffbelastung der Belebungsanlage und der Stromverbrauch f\u00fcr die Bel\u00fcftung sowie die Emissionen an klimasch\u00e4dlichem Lachgas (N2O) entsprechend. Eine Prozesswasserbehandlung (PwB) lohnt sich f\u00fcr die vielen Kl\u00e4rwerke, bei denen die Stickstoffbelastung aus Prozessw\u00e4ssern 10% bis \u00fcber 35% der Gesamt-Zulauffracht ausmacht, und bei denen Abw\u00e4rme (z. B. aus faulgasbetriebenen Blockheizkraftwerken) verf\u00fcgbar ist. Aber auch f\u00fcr Kl\u00e4rwerke, bei denen die Belebungsanlage mit Stickstoff \u00fcberlastet ist (h\u00e4ufig gemessen an gegen\u00fcber fr\u00fcher versch\u00e4rften Ablaufgrenzwerten), kann sich eine physikalische Prozesswasserbehandlung finanziell rentieren, hier als physikalische PwB mit Desorption von Ammonium (NH4+) als Ammoniak (NH3) und nachgeschalteter katalytischer Abluftoxidation (Umwandlung von NH3 in H2O und Stickstoff\u00a0 N2) \u2013\u00a0 ganz abgesehen von den generellen Verbesserungen hinsichtlich Energieeffizienz und Klimaschutz.<\/span><\/p><p style=\"background: white; vertical-align: baseline; margin: 0cm 0cm 15.0pt 0cm;\"><span style=\"font-size: 10.5pt; font-family: Roboto; color: #7a7a7a;\">Trotz dieser f\u00fcr viele Kl\u00e4rwerke in Deutschland zu erwartenden wirtschaftlichen und \u00f6kologischen Vorteile einer Prozesswasserbehandlung wird diese in der Praxis bislang wenig eingesetzt, weil sie noch nicht als bew\u00e4hrter Stand der Technik gilt bzw. den Kl\u00e4ranlagenbetreibern vielfach noch unbekannt (bzw. nur aus Werbeprospekten bekannt) ist, und weil sie im Vorfeld aufw\u00e4ndige Pilotversuche zur fallspezifischen Auslegung ben\u00f6tigt (bevor man \u00fcberhaupt ermittelt hat, ob sie sich im untersuchten Falle tats\u00e4chlich rentiert und in den laufenden Kl\u00e4rwerksbetrieb integriert werden kann).<\/span><\/p><p style=\"background: white; vertical-align: baseline; margin: 0cm 0cm 15.0pt 0cm;\"><span style=\"font-size: 10.5pt; font-family: Roboto; color: #7a7a7a;\">Mit Hilfe einer kleintechnischen Pilotanlageanlage, die f\u00fcr mehrere Kl\u00e4rwerke nacheinander eingesetzt werden kann, soll der Einstieg in die Prozesswasserbehandlung als Energieeffizienz- und Klimaschutzma\u00dfnahme erleichtert werden.<\/span><\/p><p style=\"background: white; vertical-align: baseline; margin: 0cm 0cm 15.0pt 0cm;\"><span style=\"font-size: 10.5pt; font-family: Roboto; color: #7a7a7a;\">Unter Ber\u00fccksichtigung der Versuchsergebnisse wurde das Technologie-Konzept der Ammoniak-Strippung mit nachgeschalteter katalytischer Oxidation bei den praxisrelevanten Schwachpunkten verbessert bzw. innovativ weiterentwickelt, insbesondere hinsichtlich der gezielten Ausschleusung von Kalziumkarbonat-Ausf\u00e4llungen und der Abw\u00e4rmenutzung.<\/span><\/p><p style=\"background: white; vertical-align: baseline; margin: 0cm 0cm 15.0pt 0cm;\"><span style=\"font-size: 10.5pt; font-family: Roboto; color: #7a7a7a;\">Dabei wurde untersucht, ob und inwieweit durch eine Temperaturerh\u00f6hung (die bei verf\u00fcgbarer Abw\u00e4rme ohne wesentliche Zusatzkosten machbar w\u00e4re) verfahrenstechnische Vorteile erzielt werden k\u00f6nnen (verringerter Chemikalienverbrauch bei geringerer pH-Erh\u00f6hung vor dem Ammoniakstripper).<\/span><\/p><p style=\"background: white; vertical-align: baseline; margin: 0cm 0cm 15.0pt 0cm;\"><span style=\"font-size: 10.5pt; font-family: Roboto; color: #7a7a7a;\">Der erste Einsatz der Versuchsanlage ist auf einem repr\u00e4sentativen Kl\u00e4rwerk erfolgt, welches bereits heute weitgehend energieneutral und in Zukunft energiepositiv betrieben werden soll \u2013 mit der Zukunftsperspektive, l\u00e4ngerfristig durch die Vermeidung oder Abluftreinigung von Ausgasungen aus der biologischen Stufe und Schlammbehandlungsanlagen Klimaneutralit\u00e4t zu erreichen. Vollst\u00e4ndige Klimaneutralit\u00e4t l\u00e4sst sich wahrscheinlich nur mit einer Sektorenkopplung \u201eWasserstoff + Abwasser\u201c, d. h. mit gr\u00fcnem Wasserstoff und Reinsauerstoff sowie mit W\u00e4rme als \u201eNebenprodukte\u201c der Wasserstoffproduktion aus (Ab)wasser mit einem Elektrolyseur erreichen, indem \u2013 vereinfacht erkl\u00e4rt \u2013 Wasser (H2O) in Wasserstoff \u00a0(H2) und Reinsauerstoff (O) gespalten wird. Das entwickelte KliPro-Konzept macht in vielen F\u00e4llen auch ohne Sektorenkoppelung Sinn, und ist mit zuk\u00fcnftiger Sektorenkoppelung in noch mehr F\u00e4llen noch sinnvoller.<\/span><\/p>\t\t\t\t\t\t<\/div>\n\t\t\t\t<\/div>\n\t\t\t\t\t<\/div>\n\t\t<\/div>\n\t\t\t\t\t<\/div>\n\t\t<\/section>\n\t\t\t\t<section class=\"elementor-section elementor-top-section elementor-element elementor-element-96a25ef elementor-section-full_width elementor-section-height-default elementor-section-height-default\" data-id=\"96a25ef\" data-element_type=\"section\">\n\t\t\t\t\t\t<div class=\"elementor-container elementor-column-gap-default\">\n\t\t\t\t\t<div class=\"elementor-column elementor-col-100 elementor-top-column elementor-element elementor-element-2a9ae836\" data-id=\"2a9ae836\" data-element_type=\"column\">\n\t\t\t<div class=\"elementor-widget-wrap elementor-element-populated\">\n\t\t\t\t\t\t<div class=\"elementor-element elementor-element-812504b elementor-widget elementor-widget-image\" data-id=\"812504b\" data-element_type=\"widget\" data-widget_type=\"image.default\">\n\t\t\t\t<div class=\"elementor-widget-container\">\n\t\t\t\t\t\t\t\t\t\t\t\t\t<img decoding=\"async\" width=\"768\" height=\"1024\" src=\"https:\/\/ieem-witten.de\/wp-content\/uploads\/2024\/02\/Poster-KliPro-768x1024.png\" class=\"attachment-large size-large wp-image-318\" alt=\"\" srcset=\"https:\/\/ieem-witten.de\/wp-content\/uploads\/2024\/02\/Poster-KliPro-768x1024.png 768w, https:\/\/ieem-witten.de\/wp-content\/uploads\/2024\/02\/Poster-KliPro-225x300.png 225w, https:\/\/ieem-witten.de\/wp-content\/uploads\/2024\/02\/Poster-KliPro-1152x1536.png 1152w, https:\/\/ieem-witten.de\/wp-content\/uploads\/2024\/02\/Poster-KliPro-1536x2048.png 1536w\" sizes=\"(max-width: 768px) 100vw, 768px\" \/>\t\t\t\t\t\t\t\t\t\t\t\t\t<\/div>\n\t\t\t\t<\/div>\n\t\t\t\t\t<\/div>\n\t\t<\/div>\n\t\t\t\t\t<\/div>\n\t\t<\/section>\n\t\t\t\t<section class=\"elementor-section elementor-top-section elementor-element elementor-element-31c8234e elementor-section-boxed elementor-section-height-default elementor-section-height-default\" data-id=\"31c8234e\" data-element_type=\"section\">\n\t\t\t\t\t\t<div class=\"elementor-container elementor-column-gap-default\">\n\t\t\t\t\t<div class=\"elementor-column elementor-col-100 elementor-top-column elementor-element elementor-element-186ebea5\" data-id=\"186ebea5\" data-element_type=\"column\">\n\t\t\t<div class=\"elementor-widget-wrap elementor-element-populated\">\n\t\t\t\t\t\t<div class=\"elementor-element elementor-element-7c01b1e1 elementor-widget elementor-widget-text-editor\" data-id=\"7c01b1e1\" data-element_type=\"widget\" data-widget_type=\"text-editor.default\">\n\t\t\t\t<div class=\"elementor-widget-container\">\n\t\t\t\t\t\t\t<p>Zum Download des KliPro Posters klicken Sie bitte <a href=\"https:\/\/www.uni-wh-ieem.de\/wp-content\/uploads\/2022\/12\/Poster-KliPro.pdf\">hier.<\/a><\/p>\t\t\t\t\t\t<\/div>\n\t\t\t\t<\/div>\n\t\t\t\t\t<\/div>\n\t\t<\/div>\n\t\t\t\t\t<\/div>\n\t\t<\/section>\n\t\t\t\t<\/div>","protected":false},"excerpt":{"rendered":"<p>Vorhabensbezeichnung: ERWAS &#8211; Verbundprojekt KliPro Klimafreundliche Prozesswasserbehandlung \u00a0 Laufzeit des Vorhabens: 01.04.2021 &#8211; 30.09.2022 Zuwendungsgeber: Bundeministerium f\u00fcr Bildung und Forschung Projekttr\u00e4ger Karlsruhe Wassertechnologie und Entsorgung (PTKA-WTE) Hermann-von-Helmholtz-Platz 1 76344 Eggenstein-Leopoldshafen F\u00f6rderkennzeichen (Fkz.): 02WER1614A Im Projekt KliPro wurde eine kleintechnische Pilotanlage entwickelt, welche der Kl\u00e4rwerks-spezifischen Ermittlung von Parametern dient und die Optimierung der Technologie, der Auslegung [&hellip;]<\/p>","protected":false},"author":1,"featured_media":0,"parent":0,"menu_order":0,"comment_status":"closed","ping_status":"closed","template":"","meta":{"ocean_post_layout":"full-screen","ocean_both_sidebars_style":"","ocean_both_sidebars_content_width":0,"ocean_both_sidebars_sidebars_width":0,"ocean_sidebar":"","ocean_second_sidebar":"","ocean_disable_margins":"enable","ocean_add_body_class":"","ocean_shortcode_before_top_bar":"","ocean_shortcode_after_top_bar":"","ocean_shortcode_before_header":"","ocean_shortcode_after_header":"","ocean_has_shortcode":"","ocean_shortcode_after_title":"","ocean_shortcode_before_footer_widgets":"","ocean_shortcode_after_footer_widgets":"","ocean_shortcode_before_footer_bottom":"","ocean_shortcode_after_footer_bottom":"","ocean_display_top_bar":"default","ocean_display_header":"default","ocean_header_style":"","ocean_center_header_left_menu":"","ocean_custom_header_template":"","ocean_custom_logo":0,"ocean_custom_retina_logo":0,"ocean_custom_logo_max_width":0,"ocean_custom_logo_tablet_max_width":0,"ocean_custom_logo_mobile_max_width":0,"ocean_custom_logo_max_height":0,"ocean_custom_logo_tablet_max_height":0,"ocean_custom_logo_mobile_max_height":0,"ocean_header_custom_menu":"","ocean_menu_typo_font_family":"","ocean_menu_typo_font_subset":"","ocean_menu_typo_font_size":0,"ocean_menu_typo_font_size_tablet":0,"ocean_menu_typo_font_size_mobile":0,"ocean_menu_typo_font_size_unit":"px","ocean_menu_typo_font_weight":"","ocean_menu_typo_font_weight_tablet":"","ocean_menu_typo_font_weight_mobile":"","ocean_menu_typo_transform":"","ocean_menu_typo_transform_tablet":"","ocean_menu_typo_transform_mobile":"","ocean_menu_typo_line_height":0,"ocean_menu_typo_line_height_tablet":0,"ocean_menu_typo_line_height_mobile":0,"ocean_menu_typo_line_height_unit":"","ocean_menu_typo_spacing":0,"ocean_menu_typo_spacing_tablet":0,"ocean_menu_typo_spacing_mobile":0,"ocean_menu_typo_spacing_unit":"","ocean_menu_link_color":"","ocean_menu_link_color_hover":"","ocean_menu_link_color_active":"","ocean_menu_link_background":"","ocean_menu_link_hover_background":"","ocean_menu_link_active_background":"","ocean_menu_social_links_bg":"","ocean_menu_social_hover_links_bg":"","ocean_menu_social_links_color":"","ocean_menu_social_hover_links_color":"","ocean_disable_title":"on","ocean_disable_heading":"default","ocean_post_title":"","ocean_post_subheading":"","ocean_post_title_style":"","ocean_post_title_background_color":"","ocean_post_title_background":0,"ocean_post_title_bg_image_position":"","ocean_post_title_bg_image_attachment":"","ocean_post_title_bg_image_repeat":"","ocean_post_title_bg_image_size":"","ocean_post_title_height":0,"ocean_post_title_bg_overlay":0.5,"ocean_post_title_bg_overlay_color":"","ocean_disable_breadcrumbs":"default","ocean_breadcrumbs_color":"","ocean_breadcrumbs_separator_color":"","ocean_breadcrumbs_links_color":"","ocean_breadcrumbs_links_hover_color":"","ocean_display_footer_widgets":"default","ocean_display_footer_bottom":"default","ocean_custom_footer_template":"","footnotes":"","_links_to":"","_links_to_target":""},"class_list":["post-553","page","type-page","status-publish","hentry","entry"],"_links":{"self":[{"href":"https:\/\/ieem-witten.de\/en\/wp-json\/wp\/v2\/pages\/553","targetHints":{"allow":["GET"]}}],"collection":[{"href":"https:\/\/ieem-witten.de\/en\/wp-json\/wp\/v2\/pages"}],"about":[{"href":"https:\/\/ieem-witten.de\/en\/wp-json\/wp\/v2\/types\/page"}],"author":[{"embeddable":true,"href":"https:\/\/ieem-witten.de\/en\/wp-json\/wp\/v2\/users\/1"}],"replies":[{"embeddable":true,"href":"https:\/\/ieem-witten.de\/en\/wp-json\/wp\/v2\/comments?post=553"}],"version-history":[{"count":22,"href":"https:\/\/ieem-witten.de\/en\/wp-json\/wp\/v2\/pages\/553\/revisions"}],"predecessor-version":[{"id":971,"href":"https:\/\/ieem-witten.de\/en\/wp-json\/wp\/v2\/pages\/553\/revisions\/971"}],"wp:attachment":[{"href":"https:\/\/ieem-witten.de\/en\/wp-json\/wp\/v2\/media?parent=553"}],"curies":[{"name":"wp","href":"https:\/\/api.w.org\/{rel}","templated":true}]}}